{"id":103,"date":"2023-09-01T09:58:35","date_gmt":"2023-09-01T07:58:35","guid":{"rendered":"https:\/\/sanisidromanchareal.com\/?page_id=103"},"modified":"2023-09-19T17:13:27","modified_gmt":"2023-09-19T15:13:27","slug":"quienes-somos","status":"publish","type":"page","link":"https:\/\/sanisidromanchareal.com\/en\/quienes-somos\/","title":{"rendered":"Quienes somos"},"content":{"rendered":"<p>[et_pb_section fb_built=\u00bb1&#8243; admin_label=\u00bbHeader\u00bb _builder_version=\u00bb4.18.0&#8243; _module_preset=\u00bbdefault\u00bb background_color=\u00bbgcid-02132a14-0aa3-45af-abdc-389c29b58c23&#8243; custom_padding=\u00bb||16%||false|false\u00bb locked=\u00bboff\u00bb collapsed=\u00bbon\u00bb global_colors_info=\u00bb{%22gcid-02132a14-0aa3-45af-abdc-389c29b58c23%22:%91%22background_color%22%93}\u00bb][et_pb_row _builder_version=\u00bb4.18.0&#8243; _module_preset=\u00bbdefault\u00bb locked=\u00bboff\u00bb global_colors_info=\u00bb{}\u00bb][et_pb_column type=\u00bb4_4&#8243; _builder_version=\u00bb4.18.0&#8243; _module_preset=\u00bbdefault\u00bb global_colors_info=\u00bb{}\u00bb][et_pb_text _builder_version=\u00bb4.22.1&#8243; _module_preset=\u00bbc16985e1-e0d6-4022-964d-e2bfc04fa633&#8243; header_font=\u00bbCinzel||||||||\u00bb header_text_color=\u00bbgcid-f2f634a5-c7d4-445d-95a0-e85c5f966eeb\u00bb header_font_size=\u00bb90px\u00bb text_orientation=\u00bbcenter\u00bb custom_padding=\u00bb||4%||false|false\u00bb header_font_size_tablet=\u00bb40px\u00bb header_font_size_phone=\u00bb24px\u00bb header_font_size_last_edited=\u00bbon|desktop\u00bb border_color_all=\u00bbgcid-e010f2a6-5bcc-4cbf-902a-b2f60822625a\u00bb border_width_bottom=\u00bb2px\u00bb border_color_bottom=\u00bbgcid-f2f634a5-c7d4-445d-95a0-e85c5f966eeb\u00bb global_colors_info=\u00bb{%22gcid-e010f2a6-5bcc-4cbf-902a-b2f60822625a%22:%91%22border_color_all%22%93,%22gcid-f2f634a5-c7d4-445d-95a0-e85c5f966eeb%22:%91%22header_text_color%22,%22border_color_bottom%22%93}\u00bb]<\/p>\n<h1>Quienes somos<\/h1>\n<p>[\/et_pb_text][\/et_pb_column][\/et_pb_row][\/et_pb_section][et_pb_section fb_built=\u00bb1&#8243; admin_label=\u00bbServices\u00bb _builder_version=\u00bb4.18.0&#8243; _module_preset=\u00bbdefault\u00bb collapsed=\u00bbon\u00bb global_colors_info=\u00bb{}\u00bb][et_pb_row column_structure=\u00bb1_2,1_2&#8243; use_custom_gutter=\u00bbon\u00bb gutter_width=\u00bb2&#8243; make_equal=\u00bbon\u00bb _builder_version=\u00bb4.22.1&#8243; _module_preset=\u00bbdefault\u00bb width=\u00bb90%\u00bb max_width=\u00bb1800px\u00bb custom_margin=\u00bb-16vw||||false|false\u00bb global_colors_info=\u00bb{}\u00bb][et_pb_column type=\u00bb1_2&#8243; _builder_version=\u00bb4.22.1&#8243; _module_preset=\u00bbdefault\u00bb use_background_color_gradient=\u00bbon\u00bb background_color_gradient_stops=\u00bbrgba(0,0,0,0) 0%|rgba(0,0,0,0.5) 100%\u00bb background_color_gradient_overlays_image=\u00bbon\u00bb background_image=\u00bbhttps:\/\/sanisidromanchareal.com\/wp-content\/uploads\/2023\/08\/Portada.jpg\u00bb custom_padding=\u00bb32%|40px|40px|40px|false|true\u00bb custom_padding_tablet=\u00bb|30px|30px|30px|false|true\u00bb custom_padding_phone=\u00bb|20px|20px|20px|false|true\u00bb custom_padding_last_edited=\u00bbon|desktop\u00bb global_colors_info=\u00bb{}\u00bb][\/et_pb_column][et_pb_column type=\u00bb1_2&#8243; _builder_version=\u00bb4.22.1&#8243; _module_preset=\u00bbdefault\u00bb use_background_color_gradient=\u00bbon\u00bb background_color_gradient_stops=\u00bbrgba(0,0,0,0) 0%|rgba(0,0,0,0.5) 100%\u00bb background_color_gradient_overlays_image=\u00bbon\u00bb background_image=\u00bbhttps:\/\/sanisidromanchareal.com\/wp-content\/uploads\/2023\/09\/Patio-de-recepcion-1-scaled.jpg\u00bb custom_padding=\u00bb32%|40px|40px|40px|false|true\u00bb custom_padding_tablet=\u00bb|30px|30px|30px|false|true\u00bb custom_padding_phone=\u00bb|20px|20px|20px|false|true\u00bb custom_padding_last_edited=\u00bbon|desktop\u00bb global_colors_info=\u00bb{}\u00bb][\/et_pb_column][\/et_pb_row][\/et_pb_section][et_pb_section fb_built=\u00bb1&#8243; admin_label=\u00bbFAQ\u00bb _builder_version=\u00bb4.22.1&#8243; _module_preset=\u00bbdefault\u00bb module_alignment=\u00bbcenter\u00bb collapsed=\u00bbon\u00bb global_colors_info=\u00bb{}\u00bb custom_padding=\u00bb14px|||||\u00bb][et_pb_row use_custom_gutter=\u00bbon\u00bb gutter_width=\u00bb2&#8243; _builder_version=\u00bb4.22.1&#8243; _module_preset=\u00bbdefault\u00bb max_width=\u00bb800px\u00bb module_alignment=\u00bbcenter\u00bb global_colors_info=\u00bb{}\u00bb][et_pb_column type=\u00bb4_4&#8243; _builder_version=\u00bb4.18.0&#8243; _module_preset=\u00bbdefault\u00bb global_colors_info=\u00bb{}\u00bb][et_pb_accordion open_toggle_background_color=\u00bbRGBA(255,255,255,0)\u00bb closed_toggle_background_color=\u00bbRGBA(255,255,255,0)\u00bb icon_color=\u00bbRGBA(255,255,255,0)\u00bb _builder_version=\u00bb4.22.1&#8243; _module_preset=\u00bbfa850fcf-648c-4fcb-a7da-f00aadf9f771&#8243; toggle_text_color=\u00bbgcid-02132a14-0aa3-45af-abdc-389c29b58c23&#8243; toggle_font=\u00bbCinzel||||||||\u00bb toggle_text_align=\u00bbcenter\u00bb toggle_font_size=\u00bb28px\u00bb toggle_line_height=\u00bb1.2em\u00bb closed_toggle_text_align=\u00bbcenter\u00bb body_font=\u00bbPoppins||||||||\u00bb body_text_align=\u00bbcenter\u00bb body_text_color=\u00bbgcid-e010f2a6-5bcc-4cbf-902a-b2f60822625a\u00bb body_font_size=\u00bb20px\u00bb body_line_height=\u00bb1.65em\u00bb body_link_text_align=\u00bbcenter\u00bb body_ul_text_align=\u00bbcenter\u00bb body_ol_text_align=\u00bbcenter\u00bb body_quote_text_align=\u00bbcenter\u00bb text_orientation=\u00bbcenter\u00bb module_alignment=\u00bbcenter\u00bb toggle_font_size_tablet=\u00bb20px\u00bb toggle_font_size_phone=\u00bb16px\u00bb toggle_font_size_last_edited=\u00bbon|desktop\u00bb body_font_size_tablet=\u00bb16px\u00bb body_font_size_phone=\u00bb14px\u00bb body_font_size_last_edited=\u00bbon|desktop\u00bb border_width_all=\u00bb0px\u00bb border_color_all=\u00bb#26364e\u00bb border_width_bottom=\u00bb2px\u00bb border_color_bottom=\u00bbgcid-02132a14-0aa3-45af-abdc-389c29b58c23&#8243; locked=\u00bboff\u00bb global_colors_info=\u00bb{%22gcid-02132a14-0aa3-45af-abdc-389c29b58c23%22:%91%22border_color_all%22,%22toggle_text_color%22,%22border_color_bottom%22%93,%22gcid-e010f2a6-5bcc-4cbf-902a-b2f60822625a%22:%91%22body_text_color%22%93}\u00bb][et_pb_accordion_item title=\u00bbNuestra Historia\u00bb open=\u00bbon\u00bb _builder_version=\u00bb4.22.1&#8243; _module_preset=\u00bbdefault\u00bb custom_padding=\u00bb|0px||0px|false|true\u00bb global_colors_info=\u00bb{}\u00bb]<\/p>\n<p><span>En 1957, 14 valientes agricultores se unieron para crear algo especial. Descubre c\u00f3mo hemos crecido desde entonces.<\/span><\/p>\n<p>[\/et_pb_accordion_item][et_pb_accordion_item title=\u00bbNuestra Misi\u00f3n\u00bb _builder_version=\u00bb4.22.1&#8243; _module_preset=\u00bbdefault\u00bb custom_padding=\u00bb|0px||0px|false|true\u00bb global_colors_info=\u00bb{}\u00bb open=\u00bboff\u00bb]<\/p>\n<p><span>M\u00e1s all\u00e1 de producir aceite, tenemos una misi\u00f3n. Conoce nuestro compromiso con la calidad, la sostenibilidad y la comunidad.<\/span><\/p>\n<p>[\/et_pb_accordion_item][et_pb_accordion_item title=\u00bbNuestros Valores\u00bb _builder_version=\u00bb4.18.0&#8243; _module_preset=\u00bbdefault\u00bb custom_padding=\u00bb|0px||0px|false|true\u00bb global_colors_info=\u00bb{}\u00bb open=\u00bboff\u00bb]<\/p>\n<p><span>La calidad y la tradici\u00f3n son pilares de nuestra cooperativa. Conoce los valores que gu\u00edan cada gota de nuestro aceite.<\/span><\/p>\n<p>[\/et_pb_accordion_item][et_pb_accordion_item title=\u00bbNuestra Comunidad\u00bb _builder_version=\u00bb4.18.0&#8243; _module_preset=\u00bbdefault\u00bb custom_padding=\u00bb|0px||0px|false|true\u00bb global_colors_info=\u00bb{}\u00bb open=\u00bboff\u00bb]<\/p>\n<p><span>Somos 700 socios y socias fuertes. Descubre c\u00f3mo nuestra diversidad nos hace \u00fanicos.<\/span><\/p>\n<p>[\/et_pb_accordion_item][et_pb_accordion_item title=\u00bbNuestras Instalaciones\u00bb _builder_version=\u00bb4.18.0&#8243; _module_preset=\u00bbdefault\u00bb custom_padding=\u00bb|0px||0px|false|true\u00bb global_colors_info=\u00bb{}\u00bb open=\u00bboff\u00bb]<\/p>\n<p><span>Desde el patio de recepci\u00f3n hasta la bodega, te llevamos detr\u00e1s de escena para conocer nuestras instalaciones de vanguardia.<\/span><\/p>\n<p>[\/et_pb_accordion_item][et_pb_accordion_item title=\u00bbNuestro Compromiso con la Sostenibilidad\u00bb _builder_version=\u00bb4.18.0&#8243; _module_preset=\u00bbdefault\u00bb custom_padding=\u00bb|0px||0px|false|true\u00bb global_colors_info=\u00bb{}\u00bb open=\u00bboff\u00bb]<\/p>\n<p><span>Cuidar de la tierra es esencial. Descubre c\u00f3mo contribuimos a un futuro m\u00e1s verde en cada etapa de producci\u00f3n.<\/span><\/p>\n<p>[\/et_pb_accordion_item][et_pb_accordion_item title=\u00bbNuestra Excelencia en el Aceite de Oliva\u00bb _builder_version=\u00bb4.18.0&#8243; _module_preset=\u00bbdefault\u00bb custom_padding=\u00bb|0px||0px|false|true\u00bb global_colors_info=\u00bb{}\u00bb open=\u00bboff\u00bb]<\/p>\n<p>Nuestra pasi\u00f3n se refleja en cada botella. Explora por qu\u00e9 nuestro aceite es tan especial.<\/p>\n<p>[\/et_pb_accordion_item][et_pb_accordion_item title=\u00bbNuestro Futuro\u00bb _builder_version=\u00bb4.18.0&#8243; _module_preset=\u00bbdefault\u00bb custom_padding=\u00bb|0px||0px|false|true\u00bb global_colors_info=\u00bb{}\u00bb open=\u00bboff\u00bb]<\/p>\n<p><span>Estamos emocionados por lo que est\u00e1 por venir. Acomp\u00e1\u00f1anos mientras continuamos nuestra traves\u00eda de innovaci\u00f3n y calidad.<\/span><\/p>\n<p>[\/et_pb_accordion_item][et_pb_accordion_item title=\u00bbNuestro Compromiso con la Comunidad\u00bb _builder_version=\u00bb4.18.0&#8243; _module_preset=\u00bbdefault\u00bb custom_padding=\u00bb|0px||0px|false|true\u00bb global_colors_info=\u00bb{}\u00bb open=\u00bboff\u00bb]<\/p>\n<p><span>M\u00e1s all\u00e1 de la producci\u00f3n, estamos involucrados en la comunidad local. Descubre c\u00f3mo contribuimos al bienestar de nuestra regi\u00f3n.<\/span><\/p>\n<p>[\/et_pb_accordion_item][et_pb_accordion_item title=\u00bbNuestra Tradici\u00f3n Ole\u00edcola\u00bb _builder_version=\u00bb4.18.0&#8243; _module_preset=\u00bbdefault\u00bb custom_padding=\u00bb|0px||0px|false|true\u00bb global_colors_info=\u00bb{}\u00bb open=\u00bboff\u00bb]<\/p>\n<p><span>La tradici\u00f3n es fundamental en nuestro proceso. Sum\u00e9rgete en la rica herencia del aceite de oliva.<\/span><\/p>\n<p>[\/et_pb_accordion_item][\/et_pb_accordion][\/et_pb_column][\/et_pb_row][\/et_pb_section][et_pb_section fb_built=\u00bb1&#8243; admin_label=\u00bbCall to Action\u00bb _builder_version=\u00bb4.18.0&#8243; _module_preset=\u00bbdefault\u00bb locked=\u00bboff\u00bb collapsed=\u00bbon\u00bb global_colors_info=\u00bb{}\u00bb custom_padding=\u00bb25px||19px|||\u00bb][et_pb_row column_structure=\u00bb1_2,1_2&#8243; make_equal=\u00bbon\u00bb _builder_version=\u00bb4.22.1&#8243; _module_preset=\u00bbdefault\u00bb global_colors_info=\u00bb{}\u00bb][et_pb_column type=\u00bb1_2&#8243; _builder_version=\u00bb4.22.1&#8243; _module_preset=\u00bbdefault\u00bb background_image=\u00bbhttps:\/\/sanisidromanchareal.com\/wp-content\/uploads\/2023\/08\/paisaje-verde-muchos-arboles-verdes-montanas-nubes-tormenta-scaled.jpg\u00bb global_colors_info=\u00bb{}\u00bb][et_pb_divider show_divider=\u00bboff\u00bb _builder_version=\u00bb4.18.0&#8243; _module_preset=\u00bbdefault\u00bb height_tablet=\u00bb40vw\u00bb height_phone=\u00bb40vw\u00bb height_last_edited=\u00bbon|desktop\u00bb global_colors_info=\u00bb{}\u00bb][\/et_pb_divider][\/et_pb_column][et_pb_column type=\u00bb1_2&#8243; _builder_version=\u00bb4.18.0&#8243; _module_preset=\u00bbdefault\u00bb custom_padding=\u00bb8%||8%||true|false\u00bb border_color_all=\u00bbgcid-e010f2a6-5bcc-4cbf-902a-b2f60822625a\u00bb border_width_top=\u00bb2px\u00bb border_width_bottom=\u00bb2px\u00bb global_colors_info=\u00bb{%22gcid-e010f2a6-5bcc-4cbf-902a-b2f60822625a%22:%91%22border_color_all%22%93}\u00bb][et_pb_text _builder_version=\u00bb4.18.0&#8243; _module_preset=\u00bbb327cbe4-b1d5-4b66-ad37-40c8f2f061ba\u00bb header_2_font=\u00bbCinzel||||||||\u00bb header_2_text_color=\u00bbgcid-e010f2a6-5bcc-4cbf-902a-b2f60822625a\u00bb header_2_font_size=\u00bb52px\u00bb header_2_line_height=\u00bb1.2em\u00bb custom_margin=\u00bb||10px||false|false\u00bb header_2_font_size_tablet=\u00bb32px\u00bb header_2_font_size_phone=\u00bb20px\u00bb header_2_font_size_last_edited=\u00bbon|desktop\u00bb global_colors_info=\u00bb{%22gcid-e010f2a6-5bcc-4cbf-902a-b2f60822625a%22:%91%22header_2_text_color%22%93}\u00bb]<\/p>\n<h2>Una Historia Dorada<\/h2>\n<p>[\/et_pb_text][et_pb_text _builder_version=\u00bb4.18.0&#8243; _module_preset=\u00bb4827deed-2a92-4d97-a22f-f01067ae6873&#8243; header_font=\u00bb||||||||\u00bb header_4_font=\u00bbPoppins|500|||||||\u00bb header_4_line_height=\u00bb1.2em\u00bb custom_margin=\u00bb||0px||false|false\u00bb header_4_font_size_tablet=\u00bb16px\u00bb header_4_font_size_phone=\u00bb14px\u00bb header_4_font_size_last_edited=\u00bbon|tablet\u00bb global_colors_info=\u00bb{}\u00bb]<\/p>\n<h4>Forjando Nuestra Historia: De 1957 a Hoy<\/h4>\n<p>[\/et_pb_text][et_pb_text _builder_version=\u00bb4.18.0&#8243; _module_preset=\u00bb1f09816e-184e-4ce5-a4cf-b39c52c423ca\u00bb text_font=\u00bbPoppins||||||||\u00bb text_font_size=\u00bb18px\u00bb text_line_height=\u00bb1.75em\u00bb text_font_size_tablet=\u00bb15px\u00bb text_font_size_phone=\u00bb14px\u00bb text_font_size_last_edited=\u00bbon|phone\u00bb header_font_size_tablet=\u00bb55px\u00bb header_font_size_last_edited=\u00bboff|desktop\u00bb global_colors_info=\u00bb{}\u00bb]<\/p>\n<p>Desde nuestro humilde comienzo en 1957, hemos trazado un viaje extraordinario. Fundada por 14 apasionados agricultores, San Isidro Labrador se ha convertido en una cooperativa de renombre. Esta es nuestra historia de crecimiento y compromiso constante con la excelencia en la producci\u00f3n de aceite de oliva.<\/p>\n<p>&nbsp;<\/p>\n<p>[\/et_pb_text][\/et_pb_column][\/et_pb_row][et_pb_row column_structure=\u00bb1_3,1_3,1_3&#8243; _builder_version=\u00bb4.18.0&#8243; _module_preset=\u00bbdefault\u00bb custom_padding=\u00bb4%||||false|false\u00bb locked=\u00bboff\u00bb global_colors_info=\u00bb{}\u00bb][et_pb_column type=\u00bb1_3&#8243; _builder_version=\u00bb4.18.0&#8243; _module_preset=\u00bbdefault\u00bb custom_padding_tablet=\u00bb||30px||false|false\u00bb custom_padding_phone=\u00bb||30px||false|false\u00bb custom_padding_last_edited=\u00bbon|tablet\u00bb global_colors_info=\u00bb{}\u00bb][et_pb_text _builder_version=\u00bb4.22.1&#8243; _module_preset=\u00bbaaa7c440-590a-4078-ae0c-0f3c699ac51c\u00bb header_font=\u00bb||||||||\u00bb header_3_font=\u00bbCinzel||||||||\u00bb header_3_text_color=\u00bbgcid-e010f2a6-5bcc-4cbf-902a-b2f60822625a\u00bb header_3_font_size=\u00bb24px\u00bb header_3_line_height=\u00bb1.4em\u00bb custom_margin=\u00bb||10px||false|false\u00bb header_3_font_size_tablet=\u00bb20px\u00bb header_3_font_size_phone=\u00bb16px\u00bb header_3_font_size_last_edited=\u00bbon|phone\u00bb global_colors_info=\u00bb{%22gcid-e010f2a6-5bcc-4cbf-902a-b2f60822625a%22:%91%22header_3_text_color%22%93}\u00bb]<\/p>\n<h3>Valores que Guiaron Nuestro Camino<\/h3>\n<p>[\/et_pb_text][et_pb_text _builder_version=\u00bb4.18.0&#8243; _module_preset=\u00bb1f09816e-184e-4ce5-a4cf-b39c52c423ca\u00bb text_font=\u00bbPoppins||||||||\u00bb text_font_size=\u00bb18px\u00bb text_line_height=\u00bb1.75em\u00bb text_font_size_tablet=\u00bb15px\u00bb text_font_size_phone=\u00bb14px\u00bb text_font_size_last_edited=\u00bbon|phone\u00bb header_font_size_tablet=\u00bb55px\u00bb header_font_size_last_edited=\u00bboff|desktop\u00bb global_colors_info=\u00bb{}\u00bb]<\/p>\n<p>Nuestra misi\u00f3n se basa en tres pilares: calidad, sostenibilidad y comunidad. Estos valores son la esencia de lo que hacemos. Desde la calidad de cada botella de aceite de oliva virgen extra hasta nuestro compromiso con un futuro m\u00e1s verde y la diversidad de nuestra comunidad de 700 socios, aqu\u00ed exploramos lo que nos impulsa.<\/p>\n<p>&nbsp;<\/p>\n<p>[\/et_pb_text][\/et_pb_column][et_pb_column type=\u00bb1_3&#8243; _builder_version=\u00bb4.18.0&#8243; _module_preset=\u00bbdefault\u00bb custom_padding_tablet=\u00bb||30px||false|false\u00bb custom_padding_phone=\u00bb||30px||false|false\u00bb custom_padding_last_edited=\u00bbon|tablet\u00bb global_colors_info=\u00bb{}\u00bb][et_pb_text _builder_version=\u00bb4.22.1&#8243; _module_preset=\u00bbaaa7c440-590a-4078-ae0c-0f3c699ac51c\u00bb header_font=\u00bb||||||||\u00bb header_3_font=\u00bbCinzel||||||||\u00bb header_3_text_color=\u00bbgcid-e010f2a6-5bcc-4cbf-902a-b2f60822625a\u00bb header_3_font_size=\u00bb24px\u00bb header_3_line_height=\u00bb1.4em\u00bb custom_margin=\u00bb||10px||false|false\u00bb header_3_font_size_tablet=\u00bb20px\u00bb header_3_font_size_phone=\u00bb16px\u00bb header_3_font_size_last_edited=\u00bbon|phone\u00bb global_colors_info=\u00bb{%22gcid-e010f2a6-5bcc-4cbf-902a-b2f60822625a%22:%91%22header_3_text_color%22%93}\u00bb]<\/p>\n<h3>Modernidad y Tradici\u00f3n en Nuestras Instalaciones<\/h3>\n<p>[\/et_pb_text][et_pb_text _builder_version=\u00bb4.18.0&#8243; _module_preset=\u00bb1f09816e-184e-4ce5-a4cf-b39c52c423ca\u00bb text_font=\u00bbPoppins||||||||\u00bb text_font_size=\u00bb18px\u00bb text_line_height=\u00bb1.75em\u00bb text_font_size_tablet=\u00bb15px\u00bb text_font_size_phone=\u00bb14px\u00bb text_font_size_last_edited=\u00bbon|phone\u00bb header_font_size_tablet=\u00bb55px\u00bb header_font_size_last_edited=\u00bboff|desktop\u00bb global_colors_info=\u00bb{}\u00bb]<\/p>\n<p>Nuestras modernas instalaciones son testigos de nuestro compromiso con la excelencia. Desde el meticuloso patio de recepci\u00f3n hasta la sala de molturaci\u00f3n equipada con tecnolog\u00eda de \u00faltima generaci\u00f3n y la bodega que alberga nuestra producci\u00f3n, cada rinc\u00f3n refleja nuestra pasi\u00f3n y dedicaci\u00f3n.<\/p>\n<p>&nbsp;<\/p>\n<p>[\/et_pb_text][\/et_pb_column][et_pb_column type=\u00bb1_3&#8243; _builder_version=\u00bb4.18.0&#8243; _module_preset=\u00bbdefault\u00bb global_colors_info=\u00bb{}\u00bb][et_pb_text _builder_version=\u00bb4.22.1&#8243; _module_preset=\u00bbaaa7c440-590a-4078-ae0c-0f3c699ac51c\u00bb header_font=\u00bb||||||||\u00bb header_3_font=\u00bbCinzel||||||||\u00bb header_3_text_color=\u00bbgcid-e010f2a6-5bcc-4cbf-902a-b2f60822625a\u00bb header_3_font_size=\u00bb24px\u00bb header_3_line_height=\u00bb1.4em\u00bb custom_margin=\u00bb||10px||false|false\u00bb header_3_font_size_tablet=\u00bb20px\u00bb header_3_font_size_phone=\u00bb16px\u00bb header_3_font_size_last_edited=\u00bbon|phone\u00bb global_colors_info=\u00bb{%22gcid-e010f2a6-5bcc-4cbf-902a-b2f60822625a%22:%91%22header_3_text_color%22%93}\u00bb]<\/p>\n<h3>Nuestra Visi\u00f3n para el Futuro<\/h3>\n<p>[\/et_pb_text][et_pb_text _builder_version=\u00bb4.18.0&#8243; _module_preset=\u00bb1f09816e-184e-4ce5-a4cf-b39c52c423ca\u00bb text_font=\u00bbPoppins||||||||\u00bb text_font_size=\u00bb18px\u00bb text_line_height=\u00bb1.75em\u00bb text_font_size_tablet=\u00bb15px\u00bb text_font_size_phone=\u00bb14px\u00bb text_font_size_last_edited=\u00bbon|phone\u00bb header_font_size_tablet=\u00bb55px\u00bb header_font_size_last_edited=\u00bboff|desktop\u00bb global_colors_info=\u00bb{}\u00bb]<\/p>\n<p>Estamos emocionados por lo que depara el pr\u00f3ximo cap\u00edtulo de San Isidro Labrador. A medida que continuamos fusionando tradici\u00f3n y tecnolog\u00eda, nuestro compromiso con la calidad y la sostenibilidad sigue siendo inquebrantable. Este es nuestro compromiso para el futuro, un futuro en el que la excelencia en el aceite de oliva sigue siendo nuestra m\u00e1xima prioridad.<\/p>\n<p>&nbsp;<\/p>\n<p>&nbsp;<\/p>\n<p>[\/et_pb_text][\/et_pb_column][\/et_pb_row][\/et_pb_section]<\/p>","protected":false},"excerpt":{"rendered":"<p>Quienes somosEn 1957, 14 valientes agricultores se unieron para crear algo especial. Descubre c\u00f3mo hemos crecido desde entonces.M\u00e1s all\u00e1 de producir aceite, tenemos una misi\u00f3n. Conoce nuestro compromiso con la calidad, la sostenibilidad y la comunidad.La calidad y la tradici\u00f3n son pilares de nuestra cooperativa. Conoce los valores que gu\u00edan cada gota de nuestro aceite.Somos [&hellip;]<\/p>","protected":false},"author":1,"featured_media":0,"parent":0,"menu_order":0,"comment_status":"closed","ping_status":"closed","template":"","meta":{"_et_pb_use_builder":"on","_et_pb_old_content":"","_et_gb_content_width":"","om_disable_all_campaigns":false,"_monsterinsights_skip_tracking":false,"_monsterinsights_sitenote_active":false,"_monsterinsights_sitenote_note":"","_monsterinsights_sitenote_category":0,"_uf_show_specific_survey":0,"_uf_disable_surveys":false,"footnotes":""},"class_list":["post-103","page","type-page","status-publish","hentry"],"yoast_head":"<!-- This site is optimized with the Yoast SEO plugin v21.8 - https:\/\/yoast.com\/wordpress\/plugins\/seo\/ -->\n<title>Quienes somos - SCA San Isidro Labrador<\/title>\n<meta name=\"robots\" content=\"index, follow, max-snippet:-1, max-image-preview:large, max-video-preview:-1\" \/>\n<link rel=\"canonical\" href=\"https:\/\/sanisidromanchareal.com\/en\/quienes-somos\/\" \/>\n<meta property=\"og:locale\" content=\"en_GB\" \/>\n<meta property=\"og:type\" content=\"article\" \/>\n<meta property=\"og:title\" content=\"Quienes somos - SCA San Isidro Labrador\" \/>\n<meta property=\"og:description\" content=\"Quienes somosEn 1957, 14 valientes agricultores se unieron para crear algo especial. Descubre c\u00f3mo hemos crecido desde entonces.M\u00e1s all\u00e1 de producir aceite, tenemos una misi\u00f3n. Conoce nuestro compromiso con la calidad, la sostenibilidad y la comunidad.La calidad y la tradici\u00f3n son pilares de nuestra cooperativa. Conoce los valores que gu\u00edan cada gota de nuestro aceite.Somos [&hellip;]\" \/>\n<meta property=\"og:url\" content=\"https:\/\/sanisidromanchareal.com\/en\/quienes-somos\/\" \/>\n<meta property=\"og:site_name\" content=\"SCA San Isidro Labrador\" \/>\n<meta property=\"article:modified_time\" content=\"2023-09-19T15:13:27+00:00\" \/>\n<meta name=\"twitter:card\" content=\"summary_large_image\" \/>\n<meta name=\"twitter:label1\" content=\"Estimated reading time\" \/>\n\t<meta name=\"twitter:data1\" content=\"11 minutes\" \/>\n<script type=\"application\/ld+json\" class=\"yoast-schema-graph\">{\"@context\":\"https:\/\/schema.org\",\"@graph\":[{\"@type\":\"WebPage\",\"@id\":\"https:\/\/sanisidromanchareal.com\/quienes-somos\/\",\"url\":\"https:\/\/sanisidromanchareal.com\/quienes-somos\/\",\"name\":\"Quienes somos - SCA San Isidro Labrador\",\"isPartOf\":{\"@id\":\"https:\/\/sanisidromanchareal.com\/#website\"},\"datePublished\":\"2023-09-01T07:58:35+00:00\",\"dateModified\":\"2023-09-19T15:13:27+00:00\",\"breadcrumb\":{\"@id\":\"https:\/\/sanisidromanchareal.com\/quienes-somos\/#breadcrumb\"},\"inLanguage\":\"en-GB\",\"potentialAction\":[{\"@type\":\"ReadAction\",\"target\":[\"https:\/\/sanisidromanchareal.com\/quienes-somos\/\"]}]},{\"@type\":\"BreadcrumbList\",\"@id\":\"https:\/\/sanisidromanchareal.com\/quienes-somos\/#breadcrumb\",\"itemListElement\":[{\"@type\":\"ListItem\",\"position\":1,\"name\":\"Portada\",\"item\":\"https:\/\/sanisidromanchareal.com\/\"},{\"@type\":\"ListItem\",\"position\":2,\"name\":\"Quienes somos\"}]},{\"@type\":\"WebSite\",\"@id\":\"https:\/\/sanisidromanchareal.com\/#website\",\"url\":\"https:\/\/sanisidromanchareal.com\/\",\"name\":\"SCA San Isidro Labrador\",\"description\":\"SCA San Isidro Labrador\",\"potentialAction\":[{\"@type\":\"SearchAction\",\"target\":{\"@type\":\"EntryPoint\",\"urlTemplate\":\"https:\/\/sanisidromanchareal.com\/?s={search_term_string}\"},\"query-input\":\"required name=search_term_string\"}],\"inLanguage\":\"en-GB\"}]}<\/script>\n<!-- \/ Yoast SEO plugin. -->","yoast_head_json":{"title":"Quienes somos - SCA San Isidro Labrador","robots":{"index":"index","follow":"follow","max-snippet":"max-snippet:-1","max-image-preview":"max-image-preview:large","max-video-preview":"max-video-preview:-1"},"canonical":"https:\/\/sanisidromanchareal.com\/en\/quienes-somos\/","og_locale":"en_GB","og_type":"article","og_title":"Quienes somos - SCA San Isidro Labrador","og_description":"Quienes somosEn 1957, 14 valientes agricultores se unieron para crear algo especial. Descubre c\u00f3mo hemos crecido desde entonces.M\u00e1s all\u00e1 de producir aceite, tenemos una misi\u00f3n. Conoce nuestro compromiso con la calidad, la sostenibilidad y la comunidad.La calidad y la tradici\u00f3n son pilares de nuestra cooperativa. Conoce los valores que gu\u00edan cada gota de nuestro aceite.Somos [&hellip;]","og_url":"https:\/\/sanisidromanchareal.com\/en\/quienes-somos\/","og_site_name":"SCA San Isidro Labrador","article_modified_time":"2023-09-19T15:13:27+00:00","twitter_card":"summary_large_image","twitter_misc":{"Estimated reading time":"11 minutes"},"schema":{"@context":"https:\/\/schema.org","@graph":[{"@type":"WebPage","@id":"https:\/\/sanisidromanchareal.com\/quienes-somos\/","url":"https:\/\/sanisidromanchareal.com\/quienes-somos\/","name":"Quienes somos - SCA San Isidro Labrador","isPartOf":{"@id":"https:\/\/sanisidromanchareal.com\/#website"},"datePublished":"2023-09-01T07:58:35+00:00","dateModified":"2023-09-19T15:13:27+00:00","breadcrumb":{"@id":"https:\/\/sanisidromanchareal.com\/quienes-somos\/#breadcrumb"},"inLanguage":"en-GB","potentialAction":[{"@type":"ReadAction","target":["https:\/\/sanisidromanchareal.com\/quienes-somos\/"]}]},{"@type":"BreadcrumbList","@id":"https:\/\/sanisidromanchareal.com\/quienes-somos\/#breadcrumb","itemListElement":[{"@type":"ListItem","position":1,"name":"Portada","item":"https:\/\/sanisidromanchareal.com\/"},{"@type":"ListItem","position":2,"name":"Quienes somos"}]},{"@type":"WebSite","@id":"https:\/\/sanisidromanchareal.com\/#website","url":"https:\/\/sanisidromanchareal.com\/","name":"SCA San Isidro Labrador","description":"SCA San Isidro Labrador","potentialAction":[{"@type":"SearchAction","target":{"@type":"EntryPoint","urlTemplate":"https:\/\/sanisidromanchareal.com\/?s={search_term_string}"},"query-input":"required name=search_term_string"}],"inLanguage":"en-GB"}]}},"_links":{"self":[{"href":"https:\/\/sanisidromanchareal.com\/en\/wp-json\/wp\/v2\/pages\/103","targetHints":{"allow":["GET"]}}],"collection":[{"href":"https:\/\/sanisidromanchareal.com\/en\/wp-json\/wp\/v2\/pages"}],"about":[{"href":"https:\/\/sanisidromanchareal.com\/en\/wp-json\/wp\/v2\/types\/page"}],"author":[{"embeddable":true,"href":"https:\/\/sanisidromanchareal.com\/en\/wp-json\/wp\/v2\/users\/1"}],"replies":[{"embeddable":true,"href":"https:\/\/sanisidromanchareal.com\/en\/wp-json\/wp\/v2\/comments?post=103"}],"version-history":[{"count":9,"href":"https:\/\/sanisidromanchareal.com\/en\/wp-json\/wp\/v2\/pages\/103\/revisions"}],"predecessor-version":[{"id":239,"href":"https:\/\/sanisidromanchareal.com\/en\/wp-json\/wp\/v2\/pages\/103\/revisions\/239"}],"wp:attachment":[{"href":"https:\/\/sanisidromanchareal.com\/en\/wp-json\/wp\/v2\/media?parent=103"}],"curies":[{"name":"wp","href":"https:\/\/api.w.org\/{rel}","templated":true}]}}